{"id":45,"date":"2026-03-19T09:34:22","date_gmt":"2026-03-19T09:34:22","guid":{"rendered":"http:\/\/tallersplanas.com\/wordpress\/?page_id=45"},"modified":"2026-03-19T09:34:22","modified_gmt":"2026-03-19T09:34:22","slug":"clients","status":"publish","type":"page","link":"https:\/\/tallersplanas.com\/wordpress\/index.php\/clients\/","title":{"rendered":"Clients"},"content":{"rendered":"\n<div style=\"height:var(--wp--preset--spacing--50)\" aria-hidden=\"true\" class=\"wp-block-spacer\"><\/div>\n\n\n\n<div class=\"wp-block-group alignwide has-global-padding is-layout-constrained wp-block-group-is-layout-constrained\">\n<h1 class=\"wp-block-heading alignwide has-xx-large-font-size\" style=\"line-height:1.2\">La confian\u00e7a dels nostres clients \u00e9s el millor aval de la nostra feina. Al llarg dels anys, Tallers Planas ha col\u00b7laborat amb&nbsp;<strong>grans empreses, institucions p\u00fabliques i comer\u00e7os de proximitat<\/strong>, adaptant-nos a les necessitats espec\u00edfiques de cada projecte. Treballem per a clients com&nbsp;<strong>Bon Preu, Abacus<\/strong>&nbsp;o l\u2019<strong>Ajuntament de Sant Celoni<\/strong>, establint relacions basades en la proximitat, el rigor t\u00e8cnic i la continu\u00eftat en el temps.<\/h1>\n\n\n\n<figure class=\"wp-block-image size-large\"><img fetchpriority=\"high\" decoding=\"async\" width=\"614\" height=\"1024\" src=\"https:\/\/tallersplanas.com\/wordpress\/wp-content\/uploads\/2026\/03\/galeria_logos_final_page-0001-614x1024.jpg\" alt=\"\" class=\"wp-image-72\" srcset=\"https:\/\/tallersplanas.com\/wordpress\/wp-content\/uploads\/2026\/03\/galeria_logos_final_page-0001-614x1024.jpg 614w, https:\/\/tallersplanas.com\/wordpress\/wp-content\/uploads\/2026\/03\/galeria_logos_final_page-0001-180x300.jpg 180w, https:\/\/tallersplanas.com\/wordpress\/wp-content\/uploads\/2026\/03\/galeria_logos_final_page-0001-768x1280.jpg 768w, https:\/\/tallersplanas.com\/wordpress\/wp-content\/uploads\/2026\/03\/galeria_logos_final_page-0001-921x1536.jpg 921w, https:\/\/tallersplanas.com\/wordpress\/wp-content\/uploads\/2026\/03\/galeria_logos_final_page-0001-1229x2048.jpg 1229w, https:\/\/tallersplanas.com\/wordpress\/wp-content\/uploads\/2026\/03\/galeria_logos_final_page-0001-scaled.jpg 1536w\" sizes=\"(max-width: 614px) 100vw, 614px\" \/><\/figure>\n<\/div>\n","protected":false},"excerpt":{"rendered":"<p>La confian\u00e7a dels nostres clients \u00e9s el millor aval de la nostra feina. Al llarg dels anys, Tallers Planas ha col\u00b7laborat amb&nbsp;grans empreses, institucions p\u00fabliques i comer\u00e7os de proximitat, adaptant-nos a les necessitats espec\u00edfiques de cada projecte. Treballem per a clients com&nbsp;Bon Preu, Abacus&nbsp;o l\u2019Ajuntament de Sant Celoni, establint relacions basades en la proximitat, el [&hellip;]<\/p>\n","protected":false},"author":1,"featured_media":0,"parent":0,"menu_order":0,"comment_status":"closed","ping_status":"closed","template":"","meta":{"footnotes":""},"class_list":["post-45","page","type-page","status-publish","hentry"],"yoast_head":"<!-- This site is optimized with the Yoast SEO plugin v27.2 - https:\/\/yoast.com\/product\/yoast-seo-wordpress\/ -->\n<title>Clients - Tallers Planas<\/title>\n<meta name=\"robots\" content=\"index, follow, max-snippet:-1, max-image-preview:large, max-video-preview:-1\" \/>\n<link rel=\"canonical\" href=\"https:\/\/tallersplanas.com\/wordpress\/index.php\/clients\/\" \/>\n<meta property=\"og:locale\" content=\"en_US\" \/>\n<meta property=\"og:type\" content=\"article\" \/>\n<meta property=\"og:title\" content=\"Clients - Tallers Planas\" \/>\n<meta property=\"og:description\" content=\"La confian\u00e7a dels nostres clients \u00e9s el millor aval de la nostra feina. Al llarg dels anys, Tallers Planas ha col\u00b7laborat amb&nbsp;grans empreses, institucions p\u00fabliques i comer\u00e7os de proximitat, adaptant-nos a les necessitats espec\u00edfiques de cada projecte. Treballem per a clients com&nbsp;Bon Preu, Abacus&nbsp;o l\u2019Ajuntament de Sant Celoni, establint relacions basades en la proximitat, el [&hellip;]\" \/>\n<meta property=\"og:url\" content=\"https:\/\/tallersplanas.com\/wordpress\/index.php\/clients\/\" \/>\n<meta property=\"og:site_name\" content=\"Tallers Planas\" \/>\n<meta property=\"og:image\" content=\"https:\/\/tallersplanas.com\/wordpress\/wp-content\/uploads\/2026\/03\/galeria_logos_final_page-0001-614x1024.jpg\" \/>\n<meta name=\"twitter:card\" content=\"summary_large_image\" \/>\n<script type=\"application\/ld+json\" class=\"yoast-schema-graph\">{\"@context\":\"https:\/\/schema.org\",\"@graph\":[{\"@type\":\"WebPage\",\"@id\":\"https:\/\/tallersplanas.com\/wordpress\/index.php\/clients\/\",\"url\":\"https:\/\/tallersplanas.com\/wordpress\/index.php\/clients\/\",\"name\":\"Clients - Tallers Planas\",\"isPartOf\":{\"@id\":\"https:\/\/tallersplanas.com\/wordpress\/#website\"},\"primaryImageOfPage\":{\"@id\":\"https:\/\/tallersplanas.com\/wordpress\/index.php\/clients\/#primaryimage\"},\"image\":{\"@id\":\"https:\/\/tallersplanas.com\/wordpress\/index.php\/clients\/#primaryimage\"},\"thumbnailUrl\":\"https:\/\/tallersplanas.com\/wordpress\/wp-content\/uploads\/2026\/03\/galeria_logos_final_page-0001-614x1024.jpg\",\"datePublished\":\"2026-03-19T09:34:22+00:00\",\"breadcrumb\":{\"@id\":\"https:\/\/tallersplanas.com\/wordpress\/index.php\/clients\/#breadcrumb\"},\"inLanguage\":\"en-US\",\"potentialAction\":[{\"@type\":\"ReadAction\",\"target\":[\"https:\/\/tallersplanas.com\/wordpress\/index.php\/clients\/\"]}]},{\"@type\":\"ImageObject\",\"inLanguage\":\"en-US\",\"@id\":\"https:\/\/tallersplanas.com\/wordpress\/index.php\/clients\/#primaryimage\",\"url\":\"https:\/\/tallersplanas.com\/wordpress\/wp-content\/uploads\/2026\/03\/galeria_logos_final_page-0001-scaled.jpg\",\"contentUrl\":\"https:\/\/tallersplanas.com\/wordpress\/wp-content\/uploads\/2026\/03\/galeria_logos_final_page-0001-scaled.jpg\",\"width\":1536,\"height\":2560},{\"@type\":\"BreadcrumbList\",\"@id\":\"https:\/\/tallersplanas.com\/wordpress\/index.php\/clients\/#breadcrumb\",\"itemListElement\":[{\"@type\":\"ListItem\",\"position\":1,\"name\":\"Home\",\"item\":\"https:\/\/tallersplanas.com\/wordpress\/\"},{\"@type\":\"ListItem\",\"position\":2,\"name\":\"Clients\"}]},{\"@type\":\"WebSite\",\"@id\":\"https:\/\/tallersplanas.com\/wordpress\/#website\",\"url\":\"https:\/\/tallersplanas.com\/wordpress\/\",\"name\":\"Tallers Planas\",\"description\":\"Taller familiar de serralleria, manteniment i instal\u00b7lacions\",\"publisher\":{\"@id\":\"https:\/\/tallersplanas.com\/wordpress\/#organization\"},\"potentialAction\":[{\"@type\":\"SearchAction\",\"target\":{\"@type\":\"EntryPoint\",\"urlTemplate\":\"https:\/\/tallersplanas.com\/wordpress\/?s={search_term_string}\"},\"query-input\":{\"@type\":\"PropertyValueSpecification\",\"valueRequired\":true,\"valueName\":\"search_term_string\"}}],\"inLanguage\":\"en-US\"},{\"@type\":\"Organization\",\"@id\":\"https:\/\/tallersplanas.com\/wordpress\/#organization\",\"name\":\"Tallers Planas\",\"url\":\"https:\/\/tallersplanas.com\/wordpress\/\",\"logo\":{\"@type\":\"ImageObject\",\"inLanguage\":\"en-US\",\"@id\":\"https:\/\/tallersplanas.com\/wordpress\/#\/schema\/logo\/image\/\",\"url\":\"https:\/\/tallersplanas.com\/wordpress\/wp-content\/uploads\/2025\/12\/Captura-de-pantalla-2025-12-13-a-las-20.02.25.png\",\"contentUrl\":\"https:\/\/tallersplanas.com\/wordpress\/wp-content\/uploads\/2025\/12\/Captura-de-pantalla-2025-12-13-a-las-20.02.25.png\",\"width\":2108,\"height\":1444,\"caption\":\"Tallers Planas\"},\"image\":{\"@id\":\"https:\/\/tallersplanas.com\/wordpress\/#\/schema\/logo\/image\/\"}}]}<\/script>\n<!-- \/ Yoast SEO plugin. -->","yoast_head_json":{"title":"Clients - Tallers Planas","robots":{"index":"index","follow":"follow","max-snippet":"max-snippet:-1","max-image-preview":"max-image-preview:large","max-video-preview":"max-video-preview:-1"},"canonical":"https:\/\/tallersplanas.com\/wordpress\/index.php\/clients\/","og_locale":"en_US","og_type":"article","og_title":"Clients - Tallers Planas","og_description":"La confian\u00e7a dels nostres clients \u00e9s el millor aval de la nostra feina. Al llarg dels anys, Tallers Planas ha col\u00b7laborat amb&nbsp;grans empreses, institucions p\u00fabliques i comer\u00e7os de proximitat, adaptant-nos a les necessitats espec\u00edfiques de cada projecte. Treballem per a clients com&nbsp;Bon Preu, Abacus&nbsp;o l\u2019Ajuntament de Sant Celoni, establint relacions basades en la proximitat, el [&hellip;]","og_url":"https:\/\/tallersplanas.com\/wordpress\/index.php\/clients\/","og_site_name":"Tallers Planas","og_image":[{"url":"https:\/\/tallersplanas.com\/wordpress\/wp-content\/uploads\/2026\/03\/galeria_logos_final_page-0001-614x1024.jpg","type":"","width":"","height":""}],"twitter_card":"summary_large_image","schema":{"@context":"https:\/\/schema.org","@graph":[{"@type":"WebPage","@id":"https:\/\/tallersplanas.com\/wordpress\/index.php\/clients\/","url":"https:\/\/tallersplanas.com\/wordpress\/index.php\/clients\/","name":"Clients - Tallers Planas","isPartOf":{"@id":"https:\/\/tallersplanas.com\/wordpress\/#website"},"primaryImageOfPage":{"@id":"https:\/\/tallersplanas.com\/wordpress\/index.php\/clients\/#primaryimage"},"image":{"@id":"https:\/\/tallersplanas.com\/wordpress\/index.php\/clients\/#primaryimage"},"thumbnailUrl":"https:\/\/tallersplanas.com\/wordpress\/wp-content\/uploads\/2026\/03\/galeria_logos_final_page-0001-614x1024.jpg","datePublished":"2026-03-19T09:34:22+00:00","breadcrumb":{"@id":"https:\/\/tallersplanas.com\/wordpress\/index.php\/clients\/#breadcrumb"},"inLanguage":"en-US","potentialAction":[{"@type":"ReadAction","target":["https:\/\/tallersplanas.com\/wordpress\/index.php\/clients\/"]}]},{"@type":"ImageObject","inLanguage":"en-US","@id":"https:\/\/tallersplanas.com\/wordpress\/index.php\/clients\/#primaryimage","url":"https:\/\/tallersplanas.com\/wordpress\/wp-content\/uploads\/2026\/03\/galeria_logos_final_page-0001-scaled.jpg","contentUrl":"https:\/\/tallersplanas.com\/wordpress\/wp-content\/uploads\/2026\/03\/galeria_logos_final_page-0001-scaled.jpg","width":1536,"height":2560},{"@type":"BreadcrumbList","@id":"https:\/\/tallersplanas.com\/wordpress\/index.php\/clients\/#breadcrumb","itemListElement":[{"@type":"ListItem","position":1,"name":"Home","item":"https:\/\/tallersplanas.com\/wordpress\/"},{"@type":"ListItem","position":2,"name":"Clients"}]},{"@type":"WebSite","@id":"https:\/\/tallersplanas.com\/wordpress\/#website","url":"https:\/\/tallersplanas.com\/wordpress\/","name":"Tallers Planas","description":"Taller familiar de serralleria, manteniment i instal\u00b7lacions","publisher":{"@id":"https:\/\/tallersplanas.com\/wordpress\/#organization"},"potentialAction":[{"@type":"SearchAction","target":{"@type":"EntryPoint","urlTemplate":"https:\/\/tallersplanas.com\/wordpress\/?s={search_term_string}"},"query-input":{"@type":"PropertyValueSpecification","valueRequired":true,"valueName":"search_term_string"}}],"inLanguage":"en-US"},{"@type":"Organization","@id":"https:\/\/tallersplanas.com\/wordpress\/#organization","name":"Tallers Planas","url":"https:\/\/tallersplanas.com\/wordpress\/","logo":{"@type":"ImageObject","inLanguage":"en-US","@id":"https:\/\/tallersplanas.com\/wordpress\/#\/schema\/logo\/image\/","url":"https:\/\/tallersplanas.com\/wordpress\/wp-content\/uploads\/2025\/12\/Captura-de-pantalla-2025-12-13-a-las-20.02.25.png","contentUrl":"https:\/\/tallersplanas.com\/wordpress\/wp-content\/uploads\/2025\/12\/Captura-de-pantalla-2025-12-13-a-las-20.02.25.png","width":2108,"height":1444,"caption":"Tallers Planas"},"image":{"@id":"https:\/\/tallersplanas.com\/wordpress\/#\/schema\/logo\/image\/"}}]}},"_links":{"self":[{"href":"https:\/\/tallersplanas.com\/wordpress\/index.php\/wp-json\/wp\/v2\/pages\/45","targetHints":{"allow":["GET"]}}],"collection":[{"href":"https:\/\/tallersplanas.com\/wordpress\/index.php\/wp-json\/wp\/v2\/pages"}],"about":[{"href":"https:\/\/tallersplanas.com\/wordpress\/index.php\/wp-json\/wp\/v2\/types\/page"}],"author":[{"embeddable":true,"href":"https:\/\/tallersplanas.com\/wordpress\/index.php\/wp-json\/wp\/v2\/users\/1"}],"replies":[{"embeddable":true,"href":"https:\/\/tallersplanas.com\/wordpress\/index.php\/wp-json\/wp\/v2\/comments?post=45"}],"version-history":[{"count":2,"href":"https:\/\/tallersplanas.com\/wordpress\/index.php\/wp-json\/wp\/v2\/pages\/45\/revisions"}],"predecessor-version":[{"id":73,"href":"https:\/\/tallersplanas.com\/wordpress\/index.php\/wp-json\/wp\/v2\/pages\/45\/revisions\/73"}],"wp:attachment":[{"href":"https:\/\/tallersplanas.com\/wordpress\/index.php\/wp-json\/wp\/v2\/media?parent=45"}],"curies":[{"name":"wp","href":"https:\/\/api.w.org\/{rel}","templated":true}]}}