{"id":39,"date":"2026-03-19T10:10:24","date_gmt":"2026-03-19T10:10:24","guid":{"rendered":"http:\/\/tallersplanas.com\/wordpress\/?page_id=39"},"modified":"2026-03-19T10:10:24","modified_gmt":"2026-03-19T10:10:24","slug":"sobre-nosaltres","status":"publish","type":"page","link":"https:\/\/tallersplanas.com\/wordpress\/index.php\/sobre-nosaltres\/","title":{"rendered":"Sobre nosaltres"},"content":{"rendered":"\n<div class=\"wp-block-group alignfull has-accent-2-background-color has-background has-global-padding is-layout-constrained wp-container-core-group-is-layout-669513ed wp-block-group-is-layout-constrained\" style=\"margin-top:0;margin-bottom:0;padding-top:var(--wp--preset--spacing--50);padding-right:var(--wp--preset--spacing--50);padding-bottom:var(--wp--preset--spacing--50);padding-left:var(--wp--preset--spacing--50)\">\n<div class=\"wp-block-columns alignwide is-layout-flex wp-container-core-columns-is-layout-28f84493 wp-block-columns-is-layout-flex\">\n<div class=\"wp-block-column is-layout-flow wp-block-column-is-layout-flow\" style=\"flex-basis:40%\">\n<p class=\"wp-container-content-0733e5d0\"><\/p>\n<\/div>\n\n\n\n<div class=\"wp-block-column is-layout-flow wp-block-column-is-layout-flow\" style=\"flex-basis:60%\">\n<p class=\"has-heading-font-family has-x-large-font-size\" style=\"line-height:1.2\">Amb m\u00e9s de&nbsp;<strong>135 anys d\u2019hist\u00f2ria<\/strong>, Tallers Planas \u00e9s una empresa familiar arrelada al territori i al treball ben fet. Fundada el 1887 al cor del Montseny, generaci\u00f3 rere generaci\u00f3 hem sabut evolucionar l\u2019ofici del ferro cap a solucions industrials, d\u2019instal\u00b7lacions i enginyeria, adaptant-nos als canvis del temps sense perdre mai l\u2019ess\u00e8ncia.<\/p>\n<\/div>\n<\/div>\n\n\n\n<div style=\"height:var(--wp--preset--spacing--40)\" aria-hidden=\"true\" class=\"wp-block-spacer\"><\/div>\n\n\n\n<figure class=\"wp-block-image alignwide size-large is-style-rounded is-style-rounded--1\"><img fetchpriority=\"high\" decoding=\"async\" width=\"718\" height=\"1024\" src=\"https:\/\/tallersplanas.com\/wordpress\/wp-content\/uploads\/2026\/03\/CCF28062013_00002-718x1024.jpg\" alt=\"\" class=\"wp-image-90\" srcset=\"https:\/\/tallersplanas.com\/wordpress\/wp-content\/uploads\/2026\/03\/CCF28062013_00002-718x1024.jpg 718w, https:\/\/tallersplanas.com\/wordpress\/wp-content\/uploads\/2026\/03\/CCF28062013_00002-210x300.jpg 210w, https:\/\/tallersplanas.com\/wordpress\/wp-content\/uploads\/2026\/03\/CCF28062013_00002-768x1096.jpg 768w, https:\/\/tallersplanas.com\/wordpress\/wp-content\/uploads\/2026\/03\/CCF28062013_00002-1076x1536.jpg 1076w, https:\/\/tallersplanas.com\/wordpress\/wp-content\/uploads\/2026\/03\/CCF28062013_00002-1435x2048.jpg 1435w, https:\/\/tallersplanas.com\/wordpress\/wp-content\/uploads\/2026\/03\/CCF28062013_00002-scaled.jpg 1794w\" sizes=\"(max-width: 718px) 100vw, 718px\" \/><\/figure>\n<\/div>\n\n\n\n<div class=\"wp-block-group alignfull has-base-background-color has-background has-global-padding is-layout-constrained wp-container-core-group-is-layout-d89aad35 wp-block-group-is-layout-constrained\" style=\"margin-top:0;margin-bottom:0;padding-top:var(--wp--preset--spacing--50);padding-right:var(--wp--preset--spacing--50);padding-bottom:var(--wp--preset--spacing--50);padding-left:var(--wp--preset--spacing--50)\">\n<div class=\"wp-block-columns alignwide is-layout-flex wp-container-core-columns-is-layout-549b0c86 wp-block-columns-is-layout-flex\">\n<div class=\"wp-block-column has-global-padding is-content-justification-left is-layout-constrained wp-container-core-column-is-layout-4f15e8fe wp-block-column-is-layout-constrained\" style=\"flex-basis:40%\">\n<figure class=\"wp-block-image size-large\"><img decoding=\"async\" width=\"718\" height=\"1024\" src=\"https:\/\/tallersplanas.com\/wordpress\/wp-content\/uploads\/2026\/03\/CCF28062013_00001-718x1024.jpg\" alt=\"\" class=\"wp-image-91\" srcset=\"https:\/\/tallersplanas.com\/wordpress\/wp-content\/uploads\/2026\/03\/CCF28062013_00001-718x1024.jpg 718w, https:\/\/tallersplanas.com\/wordpress\/wp-content\/uploads\/2026\/03\/CCF28062013_00001-210x300.jpg 210w, https:\/\/tallersplanas.com\/wordpress\/wp-content\/uploads\/2026\/03\/CCF28062013_00001-768x1096.jpg 768w, https:\/\/tallersplanas.com\/wordpress\/wp-content\/uploads\/2026\/03\/CCF28062013_00001-1076x1536.jpg 1076w, https:\/\/tallersplanas.com\/wordpress\/wp-content\/uploads\/2026\/03\/CCF28062013_00001-1435x2048.jpg 1435w, https:\/\/tallersplanas.com\/wordpress\/wp-content\/uploads\/2026\/03\/CCF28062013_00001-scaled.jpg 1794w\" sizes=\"(max-width: 718px) 100vw, 718px\" \/><\/figure>\n\n\n\n<figure class=\"wp-block-image size-large\"><img decoding=\"async\" width=\"718\" height=\"1024\" src=\"https:\/\/tallersplanas.com\/wordpress\/wp-content\/uploads\/2026\/03\/CCF13062013_00000-718x1024.jpg\" alt=\"\" class=\"wp-image-92\" srcset=\"https:\/\/tallersplanas.com\/wordpress\/wp-content\/uploads\/2026\/03\/CCF13062013_00000-718x1024.jpg 718w, https:\/\/tallersplanas.com\/wordpress\/wp-content\/uploads\/2026\/03\/CCF13062013_00000-210x300.jpg 210w, https:\/\/tallersplanas.com\/wordpress\/wp-content\/uploads\/2026\/03\/CCF13062013_00000-768x1096.jpg 768w, https:\/\/tallersplanas.com\/wordpress\/wp-content\/uploads\/2026\/03\/CCF13062013_00000-1076x1536.jpg 1076w, https:\/\/tallersplanas.com\/wordpress\/wp-content\/uploads\/2026\/03\/CCF13062013_00000-1435x2048.jpg 1435w, https:\/\/tallersplanas.com\/wordpress\/wp-content\/uploads\/2026\/03\/CCF13062013_00000-scaled.jpg 1794w\" sizes=\"(max-width: 718px) 100vw, 718px\" \/><\/figure>\n<\/div>\n\n\n\n<div class=\"wp-block-column is-layout-flow wp-container-core-column-is-layout-119bc444 wp-block-column-is-layout-flow\" style=\"flex-basis:60%\">\n<p class=\"has-heading-font-family has-x-large-font-size\" style=\"line-height:1.2\">Hist\u00f2ria<\/p>\n\n\n\n<div class=\"wp-block-columns is-layout-flex wp-container-core-columns-is-layout-87beb0d0 wp-block-columns-is-layout-flex\">\n<div class=\"wp-block-column is-layout-flow wp-block-column-is-layout-flow\">\n<p>Fundats l\u2019any 1887 per&nbsp;<strong>Jaume Planas<\/strong>, mestre forjador al cor del Montseny, Tallers Planas va ser un dels primers tallers de ferro i forja de la comarca. Els inicis van estar marcats per l\u2019ofici artesanal i el vincle directe amb el territori. Amb l\u2019arribada de la Guerra Civil va tenir lloc el primer gran moment de reinvenci\u00f3, orientant l\u2019activitat cap a la reparaci\u00f3 d\u2019armament.<\/p>\n\n\n\n<p>Durant la postguerra,&nbsp;<strong>Joan Planas<\/strong>&nbsp;va assumir la direcci\u00f3 d\u2019una empresa ja consolidada, compaginant-la amb l\u2019Alcaldia de Sant Celoni. La seva mort prematura i una l\u00ednia success\u00f2ria exclusivament femenina van propiciar que&nbsp;<strong>Oleguer Lagarda<\/strong>, marit de l\u2019hereva&nbsp;<strong>Maria Ant\u00f2nia Planas<\/strong>, prengu\u00e9s el relleu al capdavant de l\u2019empresa, liderant-ne una etapa d\u2019expansi\u00f3 i creixement.<\/p>\n\n\n\n<p>En aquells anys, la caldereria i els sistemes de calefacci\u00f3 de ferro van impulsar Tallers Planas cap a una nova dimensi\u00f3, convertint-la en una de les empreses de refer\u00e8ncia del sector a la meitat nord de la prov\u00edncia de Barcelona i al sud de la de Girona.<\/p>\n\n\n\n<p>Amb el treball conjunt de la tercera i la quarta generaci\u00f3, ja sota la direcci\u00f3 del seu fill&nbsp;<strong>Joan Albert<\/strong>, l\u2019empresa va destinar gran part del seu potencial a la construcci\u00f3 i manteniment de la majoria d\u2019ind\u00fastries qu\u00edmiques de l\u2019entorn, iniciant aix\u00ed una nova l\u00ednia estrat\u00e8gica: el&nbsp;<strong>manteniment industrial<\/strong>.<\/p>\n\n\n\n<p>El canvi de segle va portar sang nova a Tallers Planas. La cinquena generaci\u00f3 va impulsar noves branques d\u2019activitat, transformant la caldereria i les antigues instal\u00b7lacions de calefacci\u00f3 en serveis integrals de calefacci\u00f3, climatitzaci\u00f3 i instal\u00b7lacions de tot tipus. \u00c9s tamb\u00e9 en aquest moment quan neix el departament d\u2019<strong>enginyeria, projectes i legalitzacions<\/strong>.<\/p>\n\n\n\n<p>En els darrers anys, assumint els canvis en l\u2019\u00e0mbit laboral i productiu, Tallers Planas ha obert una nova etapa amb l\u2019arribada de clients que han impulsat la construcci\u00f3 i reforma de supermercats i altres espais comercials arreu del territori catal\u00e0.<\/p>\n<\/div>\n<\/div>\n<\/div>\n<\/div>\n<\/div>\n\n\n\n<div class=\"wp-block-cover alignfull has-parallax\" style=\"padding-top:var(--wp--preset--spacing--50);padding-right:var(--wp--preset--spacing--50);padding-bottom:var(--wp--preset--spacing--50);padding-left:var(--wp--preset--spacing--50);min-height:100vh;aspect-ratio:unset;\"><div class=\"wp-block-cover__image-background wp-image-93 size-large has-parallax\" style=\"background-position:50% 50%;background-image:url(https:\/\/tallersplanas.com\/wordpress\/wp-content\/uploads\/2026\/03\/tiempo-de-nieve-1024x683.jpg)\"><\/div><span aria-hidden=\"true\" class=\"wp-block-cover__background has-base-background-color has-background-dim-0 has-background-dim\"><\/span><div class=\"wp-block-cover__inner-container has-global-padding is-layout-constrained wp-container-core-cover-is-layout-e4fd886c wp-block-cover-is-layout-constrained\">\n<p><\/p>\n<\/div><\/div>\n\n\n\n<div class=\"wp-block-group alignfull has-base-2-background-color has-background has-global-padding is-layout-constrained wp-container-core-group-is-layout-7cd14b77 wp-block-group-is-layout-constrained\" style=\"margin-top:0;margin-bottom:0;padding-top:var(--wp--preset--spacing--60);padding-right:var(--wp--preset--spacing--60);padding-bottom:var(--wp--preset--spacing--60);padding-left:var(--wp--preset--spacing--60)\">\n<div class=\"wp-block-group alignwide is-layout-flow wp-block-group-is-layout-flow\">\n<div style=\"height:var(--wp--preset--spacing--50)\" aria-hidden=\"true\" class=\"wp-block-spacer\"><\/div>\n\n\n\n<p class=\"has-text-align-center has-heading-font-family has-x-large-font-size\" style=\"font-style:normal;font-weight:400;line-height:1.2\">&#8220;L\u2019ofici no s\u2019improvisa: es construeix amb temps, rigor i paraula.&#8221; <\/p>\n\n\n\n<p><\/p>\n<\/div>\n\n\n\n<figure class=\"wp-block-image size-full\"><img loading=\"lazy\" decoding=\"async\" width=\"788\" height=\"794\" src=\"https:\/\/tallersplanas.com\/wordpress\/wp-content\/uploads\/2025\/12\/Captura-de-pantalla-2026-03-19-a-las-9.48.47.png\" alt=\"\" class=\"wp-image-58\" srcset=\"https:\/\/tallersplanas.com\/wordpress\/wp-content\/uploads\/2025\/12\/Captura-de-pantalla-2026-03-19-a-las-9.48.47.png 788w, https:\/\/tallersplanas.com\/wordpress\/wp-content\/uploads\/2025\/12\/Captura-de-pantalla-2026-03-19-a-las-9.48.47-298x300.png 298w, https:\/\/tallersplanas.com\/wordpress\/wp-content\/uploads\/2025\/12\/Captura-de-pantalla-2026-03-19-a-las-9.48.47-150x150.png 150w, https:\/\/tallersplanas.com\/wordpress\/wp-content\/uploads\/2025\/12\/Captura-de-pantalla-2026-03-19-a-las-9.48.47-768x774.png 768w\" sizes=\"(max-width: 788px) 100vw, 788px\" \/><figcaption class=\"wp-element-caption\">Jaume Planas<\/figcaption><\/figure>\n<\/div>\n","protected":false},"excerpt":{"rendered":"<p>Amb m\u00e9s de&nbsp;135 anys d\u2019hist\u00f2ria, Tallers Planas \u00e9s una empresa familiar arrelada al territori i al treball ben fet. Fundada el 1887 al cor del Montseny, generaci\u00f3 rere generaci\u00f3 hem sabut evolucionar l\u2019ofici del ferro cap a solucions industrials, d\u2019instal\u00b7lacions i enginyeria, adaptant-nos als canvis del temps sense perdre mai l\u2019ess\u00e8ncia. Hist\u00f2ria Fundats l\u2019any 1887 [&hellip;]<\/p>\n","protected":false},"author":1,"featured_media":0,"parent":0,"menu_order":0,"comment_status":"closed","ping_status":"closed","template":"","meta":{"footnotes":""},"class_list":["post-39","page","type-page","status-publish","hentry"],"yoast_head":"<!-- This site is optimized with the Yoast SEO plugin v27.2 - https:\/\/yoast.com\/product\/yoast-seo-wordpress\/ -->\n<title>Sobre nosaltres - Tallers Planas<\/title>\n<meta name=\"robots\" content=\"index, follow, max-snippet:-1, max-image-preview:large, max-video-preview:-1\" \/>\n<link rel=\"canonical\" href=\"https:\/\/tallersplanas.com\/wordpress\/index.php\/sobre-nosaltres\/\" \/>\n<meta property=\"og:locale\" content=\"en_US\" \/>\n<meta property=\"og:type\" content=\"article\" \/>\n<meta property=\"og:title\" content=\"Sobre nosaltres - Tallers Planas\" \/>\n<meta property=\"og:description\" content=\"Amb m\u00e9s de&nbsp;135 anys d\u2019hist\u00f2ria, Tallers Planas \u00e9s una empresa familiar arrelada al territori i al treball ben fet. Fundada el 1887 al cor del Montseny, generaci\u00f3 rere generaci\u00f3 hem sabut evolucionar l\u2019ofici del ferro cap a solucions industrials, d\u2019instal\u00b7lacions i enginyeria, adaptant-nos als canvis del temps sense perdre mai l\u2019ess\u00e8ncia. Hist\u00f2ria Fundats l\u2019any 1887 [&hellip;]\" \/>\n<meta property=\"og:url\" content=\"https:\/\/tallersplanas.com\/wordpress\/index.php\/sobre-nosaltres\/\" \/>\n<meta property=\"og:site_name\" content=\"Tallers Planas\" \/>\n<meta property=\"og:image\" content=\"https:\/\/tallersplanas.com\/wordpress\/wp-content\/uploads\/2026\/03\/CCF28062013_00002-718x1024.jpg\" \/>\n<meta name=\"twitter:card\" content=\"summary_large_image\" \/>\n<meta name=\"twitter:label1\" content=\"Est. reading time\" \/>\n\t<meta name=\"twitter:data1\" content=\"2 minutes\" \/>\n<script type=\"application\/ld+json\" class=\"yoast-schema-graph\">{\"@context\":\"https:\/\/schema.org\",\"@graph\":[{\"@type\":\"WebPage\",\"@id\":\"https:\/\/tallersplanas.com\/wordpress\/index.php\/sobre-nosaltres\/\",\"url\":\"https:\/\/tallersplanas.com\/wordpress\/index.php\/sobre-nosaltres\/\",\"name\":\"Sobre nosaltres - Tallers Planas\",\"isPartOf\":{\"@id\":\"https:\/\/tallersplanas.com\/wordpress\/#website\"},\"primaryImageOfPage\":{\"@id\":\"https:\/\/tallersplanas.com\/wordpress\/index.php\/sobre-nosaltres\/#primaryimage\"},\"image\":{\"@id\":\"https:\/\/tallersplanas.com\/wordpress\/index.php\/sobre-nosaltres\/#primaryimage\"},\"thumbnailUrl\":\"https:\/\/tallersplanas.com\/wordpress\/wp-content\/uploads\/2026\/03\/CCF28062013_00002-718x1024.jpg\",\"datePublished\":\"2026-03-19T10:10:24+00:00\",\"breadcrumb\":{\"@id\":\"https:\/\/tallersplanas.com\/wordpress\/index.php\/sobre-nosaltres\/#breadcrumb\"},\"inLanguage\":\"en-US\",\"potentialAction\":[{\"@type\":\"ReadAction\",\"target\":[\"https:\/\/tallersplanas.com\/wordpress\/index.php\/sobre-nosaltres\/\"]}]},{\"@type\":\"ImageObject\",\"inLanguage\":\"en-US\",\"@id\":\"https:\/\/tallersplanas.com\/wordpress\/index.php\/sobre-nosaltres\/#primaryimage\",\"url\":\"https:\/\/tallersplanas.com\/wordpress\/wp-content\/uploads\/2026\/03\/CCF28062013_00002-scaled.jpg\",\"contentUrl\":\"https:\/\/tallersplanas.com\/wordpress\/wp-content\/uploads\/2026\/03\/CCF28062013_00002-scaled.jpg\",\"width\":1794,\"height\":2560},{\"@type\":\"BreadcrumbList\",\"@id\":\"https:\/\/tallersplanas.com\/wordpress\/index.php\/sobre-nosaltres\/#breadcrumb\",\"itemListElement\":[{\"@type\":\"ListItem\",\"position\":1,\"name\":\"Home\",\"item\":\"https:\/\/tallersplanas.com\/wordpress\/\"},{\"@type\":\"ListItem\",\"position\":2,\"name\":\"Sobre nosaltres\"}]},{\"@type\":\"WebSite\",\"@id\":\"https:\/\/tallersplanas.com\/wordpress\/#website\",\"url\":\"https:\/\/tallersplanas.com\/wordpress\/\",\"name\":\"Tallers Planas\",\"description\":\"Taller familiar de serralleria, manteniment i instal\u00b7lacions\",\"publisher\":{\"@id\":\"https:\/\/tallersplanas.com\/wordpress\/#organization\"},\"potentialAction\":[{\"@type\":\"SearchAction\",\"target\":{\"@type\":\"EntryPoint\",\"urlTemplate\":\"https:\/\/tallersplanas.com\/wordpress\/?s={search_term_string}\"},\"query-input\":{\"@type\":\"PropertyValueSpecification\",\"valueRequired\":true,\"valueName\":\"search_term_string\"}}],\"inLanguage\":\"en-US\"},{\"@type\":\"Organization\",\"@id\":\"https:\/\/tallersplanas.com\/wordpress\/#organization\",\"name\":\"Tallers Planas\",\"url\":\"https:\/\/tallersplanas.com\/wordpress\/\",\"logo\":{\"@type\":\"ImageObject\",\"inLanguage\":\"en-US\",\"@id\":\"https:\/\/tallersplanas.com\/wordpress\/#\/schema\/logo\/image\/\",\"url\":\"https:\/\/tallersplanas.com\/wordpress\/wp-content\/uploads\/2025\/12\/Captura-de-pantalla-2025-12-13-a-las-20.02.25.png\",\"contentUrl\":\"https:\/\/tallersplanas.com\/wordpress\/wp-content\/uploads\/2025\/12\/Captura-de-pantalla-2025-12-13-a-las-20.02.25.png\",\"width\":2108,\"height\":1444,\"caption\":\"Tallers Planas\"},\"image\":{\"@id\":\"https:\/\/tallersplanas.com\/wordpress\/#\/schema\/logo\/image\/\"}}]}<\/script>\n<!-- \/ Yoast SEO plugin. -->","yoast_head_json":{"title":"Sobre nosaltres - Tallers Planas","robots":{"index":"index","follow":"follow","max-snippet":"max-snippet:-1","max-image-preview":"max-image-preview:large","max-video-preview":"max-video-preview:-1"},"canonical":"https:\/\/tallersplanas.com\/wordpress\/index.php\/sobre-nosaltres\/","og_locale":"en_US","og_type":"article","og_title":"Sobre nosaltres - Tallers Planas","og_description":"Amb m\u00e9s de&nbsp;135 anys d\u2019hist\u00f2ria, Tallers Planas \u00e9s una empresa familiar arrelada al territori i al treball ben fet. Fundada el 1887 al cor del Montseny, generaci\u00f3 rere generaci\u00f3 hem sabut evolucionar l\u2019ofici del ferro cap a solucions industrials, d\u2019instal\u00b7lacions i enginyeria, adaptant-nos als canvis del temps sense perdre mai l\u2019ess\u00e8ncia. Hist\u00f2ria Fundats l\u2019any 1887 [&hellip;]","og_url":"https:\/\/tallersplanas.com\/wordpress\/index.php\/sobre-nosaltres\/","og_site_name":"Tallers Planas","og_image":[{"url":"https:\/\/tallersplanas.com\/wordpress\/wp-content\/uploads\/2026\/03\/CCF28062013_00002-718x1024.jpg","type":"","width":"","height":""}],"twitter_card":"summary_large_image","twitter_misc":{"Est. reading time":"2 minutes"},"schema":{"@context":"https:\/\/schema.org","@graph":[{"@type":"WebPage","@id":"https:\/\/tallersplanas.com\/wordpress\/index.php\/sobre-nosaltres\/","url":"https:\/\/tallersplanas.com\/wordpress\/index.php\/sobre-nosaltres\/","name":"Sobre nosaltres - Tallers Planas","isPartOf":{"@id":"https:\/\/tallersplanas.com\/wordpress\/#website"},"primaryImageOfPage":{"@id":"https:\/\/tallersplanas.com\/wordpress\/index.php\/sobre-nosaltres\/#primaryimage"},"image":{"@id":"https:\/\/tallersplanas.com\/wordpress\/index.php\/sobre-nosaltres\/#primaryimage"},"thumbnailUrl":"https:\/\/tallersplanas.com\/wordpress\/wp-content\/uploads\/2026\/03\/CCF28062013_00002-718x1024.jpg","datePublished":"2026-03-19T10:10:24+00:00","breadcrumb":{"@id":"https:\/\/tallersplanas.com\/wordpress\/index.php\/sobre-nosaltres\/#breadcrumb"},"inLanguage":"en-US","potentialAction":[{"@type":"ReadAction","target":["https:\/\/tallersplanas.com\/wordpress\/index.php\/sobre-nosaltres\/"]}]},{"@type":"ImageObject","inLanguage":"en-US","@id":"https:\/\/tallersplanas.com\/wordpress\/index.php\/sobre-nosaltres\/#primaryimage","url":"https:\/\/tallersplanas.com\/wordpress\/wp-content\/uploads\/2026\/03\/CCF28062013_00002-scaled.jpg","contentUrl":"https:\/\/tallersplanas.com\/wordpress\/wp-content\/uploads\/2026\/03\/CCF28062013_00002-scaled.jpg","width":1794,"height":2560},{"@type":"BreadcrumbList","@id":"https:\/\/tallersplanas.com\/wordpress\/index.php\/sobre-nosaltres\/#breadcrumb","itemListElement":[{"@type":"ListItem","position":1,"name":"Home","item":"https:\/\/tallersplanas.com\/wordpress\/"},{"@type":"ListItem","position":2,"name":"Sobre nosaltres"}]},{"@type":"WebSite","@id":"https:\/\/tallersplanas.com\/wordpress\/#website","url":"https:\/\/tallersplanas.com\/wordpress\/","name":"Tallers Planas","description":"Taller familiar de serralleria, manteniment i instal\u00b7lacions","publisher":{"@id":"https:\/\/tallersplanas.com\/wordpress\/#organization"},"potentialAction":[{"@type":"SearchAction","target":{"@type":"EntryPoint","urlTemplate":"https:\/\/tallersplanas.com\/wordpress\/?s={search_term_string}"},"query-input":{"@type":"PropertyValueSpecification","valueRequired":true,"valueName":"search_term_string"}}],"inLanguage":"en-US"},{"@type":"Organization","@id":"https:\/\/tallersplanas.com\/wordpress\/#organization","name":"Tallers Planas","url":"https:\/\/tallersplanas.com\/wordpress\/","logo":{"@type":"ImageObject","inLanguage":"en-US","@id":"https:\/\/tallersplanas.com\/wordpress\/#\/schema\/logo\/image\/","url":"https:\/\/tallersplanas.com\/wordpress\/wp-content\/uploads\/2025\/12\/Captura-de-pantalla-2025-12-13-a-las-20.02.25.png","contentUrl":"https:\/\/tallersplanas.com\/wordpress\/wp-content\/uploads\/2025\/12\/Captura-de-pantalla-2025-12-13-a-las-20.02.25.png","width":2108,"height":1444,"caption":"Tallers Planas"},"image":{"@id":"https:\/\/tallersplanas.com\/wordpress\/#\/schema\/logo\/image\/"}}]}},"_links":{"self":[{"href":"https:\/\/tallersplanas.com\/wordpress\/index.php\/wp-json\/wp\/v2\/pages\/39","targetHints":{"allow":["GET"]}}],"collection":[{"href":"https:\/\/tallersplanas.com\/wordpress\/index.php\/wp-json\/wp\/v2\/pages"}],"about":[{"href":"https:\/\/tallersplanas.com\/wordpress\/index.php\/wp-json\/wp\/v2\/types\/page"}],"author":[{"embeddable":true,"href":"https:\/\/tallersplanas.com\/wordpress\/index.php\/wp-json\/wp\/v2\/users\/1"}],"replies":[{"embeddable":true,"href":"https:\/\/tallersplanas.com\/wordpress\/index.php\/wp-json\/wp\/v2\/comments?post=39"}],"version-history":[{"count":3,"href":"https:\/\/tallersplanas.com\/wordpress\/index.php\/wp-json\/wp\/v2\/pages\/39\/revisions"}],"predecessor-version":[{"id":94,"href":"https:\/\/tallersplanas.com\/wordpress\/index.php\/wp-json\/wp\/v2\/pages\/39\/revisions\/94"}],"wp:attachment":[{"href":"https:\/\/tallersplanas.com\/wordpress\/index.php\/wp-json\/wp\/v2\/media?parent=39"}],"curies":[{"name":"wp","href":"https:\/\/api.w.org\/{rel}","templated":true}]}}